{"id":11,"date":"2015-09-11T18:10:04","date_gmt":"2015-09-11T15:10:04","guid":{"rendered":"https:\/\/viiser.ee\/wordpress\/?page_id=11"},"modified":"2015-09-11T18:10:04","modified_gmt":"2015-09-11T15:10:04","slug":"seltskonnatants","status":"publish","type":"page","link":"https:\/\/viiser.ee\/index.php\/seltskonnatants\/","title":{"rendered":"Seltskonnatants"},"content":{"rendered":"<p>Siis kui meie noored olime, kutsuti seda peaotantsuks. N\u00fc\u00fcd seltskonnatantsuks&#8230; Hoolimata nimetusest &#8211; sambad-rumbad-tsa-tsad,foxid on leidnud tee meie repertuaari. Kuigi me igal peol aeglast valssi v\u00f5i tangot tegema ei kipu, oleme siiski valmis neid esitama.<\/p>\n<p>Mitmel korral oleme m\u00e4nginud spetsiaalsetel seltskonnatantsu \u00fcritustel ja isegi tantsuv\u00f5istlustel.<\/p>\n<p><img loading=\"lazy\" decoding=\"async\" src=\"https:\/\/viiser.ee\/pildid\/vanad\/IMG_3475.jpg\" alt=\"unistaja\" width=\"401\" height=\"310\" border=\"0\" \/><\/p>\n","protected":false},"excerpt":{"rendered":"<p>Siis kui meie noored olime, kutsuti seda peaotantsuks. N\u00fc\u00fcd seltskonnatantsuks&#8230; Hoolimata nimetusest &#8211; sambad-rumbad-tsa-tsad,foxid on leidnud tee meie repertuaari. Kuigi me igal peol aeglast valssi v\u00f5i tangot tegema ei kipu, oleme siiski valmis neid esitama. Mitmel korral oleme m\u00e4nginud spetsiaalsetel seltskonnatantsu \u00fcritustel ja isegi tantsuv\u00f5istlustel.<\/p>\n","protected":false},"author":1,"featured_media":0,"parent":0,"menu_order":0,"comment_status":"closed","ping_status":"closed","template":"","meta":{"footnotes":""},"class_list":["post-11","page","type-page","status-publish","hentry"],"_links":{"self":[{"href":"https:\/\/viiser.ee\/index.php\/wp-json\/wp\/v2\/pages\/11","targetHints":{"allow":["GET"]}}],"collection":[{"href":"https:\/\/viiser.ee\/index.php\/wp-json\/wp\/v2\/pages"}],"about":[{"href":"https:\/\/viiser.ee\/index.php\/wp-json\/wp\/v2\/types\/page"}],"author":[{"embeddable":true,"href":"https:\/\/viiser.ee\/index.php\/wp-json\/wp\/v2\/users\/1"}],"replies":[{"embeddable":true,"href":"https:\/\/viiser.ee\/index.php\/wp-json\/wp\/v2\/comments?post=11"}],"version-history":[{"count":1,"href":"https:\/\/viiser.ee\/index.php\/wp-json\/wp\/v2\/pages\/11\/revisions"}],"predecessor-version":[{"id":12,"href":"https:\/\/viiser.ee\/index.php\/wp-json\/wp\/v2\/pages\/11\/revisions\/12"}],"wp:attachment":[{"href":"https:\/\/viiser.ee\/index.php\/wp-json\/wp\/v2\/media?parent=11"}],"curies":[{"name":"wp","href":"https:\/\/api.w.org\/{rel}","templated":true}]}}