{"id":9,"date":"2015-09-11T18:09:32","date_gmt":"2015-09-11T15:09:32","guid":{"rendered":"https:\/\/viiser.ee\/wordpress\/?page_id=9"},"modified":"2024-01-07T22:49:54","modified_gmt":"2024-01-07T20:49:54","slug":"repertuaar","status":"publish","type":"page","link":"https:\/\/viiser.ee\/index.php\/repertuaar\/","title":{"rendered":"Repertuaar"},"content":{"rendered":"<p>Kuula natuke&nbsp;helin\u00e4iteid: <a href=\"https:\/\/viiser.ee\/player\/viiseri_demomix.mp3\" target=\"_blank\" rel=\"noopener\">demomix<\/a>,&nbsp; <a href=\"https:\/\/viiser.ee\/player\/mamma_maria.mp3\" target=\"_blank\" rel=\"noopener\">Mamma<\/a>, ja vaata&nbsp;<a href=\"https:\/\/www.youtube.com\/watch?v=z_QHgiqGS38\" target=\"_blank\" rel=\"noopener\">pidu T\u00e4nassilmas <\/a>ja <a href=\"https:\/\/youtu.be\/PuNxV1nsMYQ\"><em>Blocksbergi m\u00e4el<\/em>&nbsp;<\/a><\/p>\n<p>Repertuaaris on praeguseks ca m\u00f5nisada lugu. M\u00f5nisada sellep\u00e4rast, et on olemas aktiivrepertuaar, mida iga pidu saab kedratud, ja siis on veel passiivrepertuaar, mida m\u00f5nikord sobivas tujus-seltskonnas kasutada saab. Ega ju uusaastalaule saa jaanip\u00e4eval m\u00e4ngida! \u00dcks osa lugudest meeldib vanemale rahvale, kuid teine osa on selliseid lugusid, mida noorem rahvas kuulab. Disko. Vahele 70.-80.-ndate l\u00f6\u00f6klaule ja Rock&#8217;n Rolli. Ajaviitemuusikat.<\/p>\n<p><iframe loading=\"lazy\" width=\"560\" height=\"315\" src=\"https:\/\/www.youtube.com\/embed\/PuNxV1nsMYQ?si=OAQoC9hzMfLFJx3g\" title=\"YouTube video player\" frameborder=\"0\" allow=\"accelerometer; autoplay; clipboard-write; encrypted-media; gyroscope; picture-in-picture; web-share\" allowfullscreen=\"\"><\/iframe><br \/>\n<iframe loading=\"lazy\" width=\"560\" height=\"315\" src=\"https:\/\/www.youtube.com\/embed\/z_QHgiqGS38?si=g4_Gn6GbRvJYp0U4&amp;start=46\" title=\"YouTube video player\" frameborder=\"0\" allow=\"accelerometer; autoplay; clipboard-write; encrypted-media; gyroscope; picture-in-picture; web-share\" allowfullscreen=\"\"><\/iframe><br \/>\nAbruka valss. Kui on meri h\u00fclgehall P\u00f5drakasvataja Tsaka tsaka<br \/>\nAeg annab k\u00f5ik Lahkumise laul P\u00f5gene vaba laps Tulge valsile.<br \/>\nAina ja alati Laev t\u00f5stis purjed P\u00f5genevad unen\u00e4od. T\u00fcdruk<br \/>\nAita m\u00f6\u00f6da saata \u00f6\u00f6 Laisk nagu loom P\u00e4iksepoolses toas Unen\u00e4os<br \/>\nAlice Las j\u00e4\u00e4da nii kuis oli. P\u00e4rlip\u00fc\u00fcdja Valged roosid<br \/>\nAlkoholis\u00f5ltlane Let\u2019s twist again Rannatuul Valge tuvi<br \/>\nAll My Loving L\u00e4ksid lahku s\u00f5nadest su teod Quando. Vana j\u00f5gi<br \/>\nAmarillo Ma ei tea Quantanamera. Vana pildiraam<br \/>\nAnna mulle andeks Ma tahaksin kodus olla. Rohelised niidud Vana vokk.<br \/>\nCapri saarel Mama maria R\u00f5\u00f5m Varem v\u00f5i hiljem<br \/>\nClementine Merepidu. Saaremaa valss. Vastutuul t\u00f5usuteel.<br \/>\nDolores Meri Sajab lund Veel kord (Kukerpillid)<br \/>\nEh Odessa Miks ihkan sind? Salap\u00e4rane Veel kord (NLD)<br \/>\nEi me ette tea. Mis tegema n\u00fc\u00fcd pean San Francisco Veel \u00fcks kantrilaul (NLD)<br \/>\nGeisrid Moonamees See viis Viimases bussis<br \/>\nHead \u00f6\u00f6d Moskva See v\u00e4ike neiu Viljandi paadimees.<br \/>\nHulkuri valss Mulgimaa. See You Later, Alligator. Viltk\u00fcbar<br \/>\nI just call Must kohv Seitse valget kivist inglit Volare<br \/>\nJ\u00e4ljed liival Mustlase elu. Siis kui meri oleks \u00f5lu V\u00e4ike aed<br \/>\nKaks, me kaks Naerata&nbsp; Sind tervitan \u00dchega miljoneist<br \/>\nKaugel Kaugel No oota sa! Sinioja. \u00dcks meist naine, teine mees.<br \/>\nKikilips Ootan tuult Sunshine Reagge \u00d5llelaul<br \/>\nKohtumine Petlik \u00f5nn S\u00fcnnip\u00e4evalaps K\u00f5nnin katustel (Meie Mees)<br \/>\nKoputan 3 x Postipoiss. S\u00fcnnip\u00e4evalaul M\u00f6\u00f6da teed mis on kividega kaetud<br \/>\nKorraks vaid Punapea Mary Talvev\u00f5lumaa Suvi ammu l\u00e4in\u2019d<\/p>\n","protected":false},"excerpt":{"rendered":"<p>Kuula natuke&nbsp;helin\u00e4iteid: demomix,&nbsp; Mamma, ja vaata&nbsp;pidu T\u00e4nassilmas ja Blocksbergi m\u00e4el&nbsp; Repertuaaris on praeguseks ca m\u00f5nisada lugu. M\u00f5nisada sellep\u00e4rast, et on olemas aktiivrepertuaar, mida iga pidu saab kedratud, ja siis on veel passiivrepertuaar, mida m\u00f5nikord sobivas tujus-seltskonnas kasutada saab. Ega ju uusaastalaule saa jaanip\u00e4eval m\u00e4ngida! \u00dcks osa lugudest meeldib vanemale rahvale, kuid teine osa on selliseid &hellip; <a href=\"https:\/\/viiser.ee\/index.php\/repertuaar\/\" class=\"more-link\">Loe edasi <span class=\"screen-reader-text\">Repertuaar<\/span> <span class=\"meta-nav\">&rarr;<\/span><\/a><\/p>\n","protected":false},"author":1,"featured_media":0,"parent":0,"menu_order":0,"comment_status":"closed","ping_status":"closed","template":"","meta":{"footnotes":""},"class_list":["post-9","page","type-page","status-publish","hentry"],"_links":{"self":[{"href":"https:\/\/viiser.ee\/index.php\/wp-json\/wp\/v2\/pages\/9","targetHints":{"allow":["GET"]}}],"collection":[{"href":"https:\/\/viiser.ee\/index.php\/wp-json\/wp\/v2\/pages"}],"about":[{"href":"https:\/\/viiser.ee\/index.php\/wp-json\/wp\/v2\/types\/page"}],"author":[{"embeddable":true,"href":"https:\/\/viiser.ee\/index.php\/wp-json\/wp\/v2\/users\/1"}],"replies":[{"embeddable":true,"href":"https:\/\/viiser.ee\/index.php\/wp-json\/wp\/v2\/comments?post=9"}],"version-history":[{"count":6,"href":"https:\/\/viiser.ee\/index.php\/wp-json\/wp\/v2\/pages\/9\/revisions"}],"predecessor-version":[{"id":56,"href":"https:\/\/viiser.ee\/index.php\/wp-json\/wp\/v2\/pages\/9\/revisions\/56"}],"wp:attachment":[{"href":"https:\/\/viiser.ee\/index.php\/wp-json\/wp\/v2\/media?parent=9"}],"curies":[{"name":"wp","href":"https:\/\/api.w.org\/{rel}","templated":true}]}}